{"id":1065,"date":"2023-04-13T10:43:01","date_gmt":"2023-04-13T10:43:01","guid":{"rendered":"https:\/\/wpriverthemes.com\/gridx\/?page_id=1065"},"modified":"2025-04-24T13:49:26","modified_gmt":"2025-04-24T11:49:26","slug":"credential","status":"publish","type":"page","link":"https:\/\/www.marekfungac.sk\/?page_id=1065","title":{"rendered":"CREDENTIAL PAGE"},"content":{"rendered":"\t\t<div data-elementor-type=\"wp-page\" data-elementor-id=\"1065\" class=\"elementor elementor-1065\">\n\t\t\t\t\t\t<section class=\"elementor-section elementor-top-section elementor-element elementor-element-6d57135 elementor-section-boxed elementor-section-height-default elementor-section-height-default\" data-id=\"6d57135\" data-element_type=\"section\">\n\t\t\t\t\t\t<div class=\"elementor-container elementor-column-gap-no\">\n\t\t\t\t\t<div class=\"elementor-column elementor-col-100 elementor-top-column elementor-element elementor-element-2705f96 margin-0\" data-id=\"2705f96\" data-element_type=\"column\">\n\t\t\t<div class=\"elementor-widget-wrap elementor-element-populated\">\n\t\t\t\t\t\t<div class=\"elementor-element elementor-element-35461e7 elementor-widget elementor-widget-gridxdacredentialcontentbox\" data-id=\"35461e7\" data-element_type=\"widget\" data-widget_type=\"gridxdacredentialcontentbox.default\">\n\t\t\t\t<div class=\"elementor-widget-container\">\n\t\t\t\t\t\n         <!-- Start Credentials Content Box\n    ============================================= -->\n\n<div class=\"credential-content flex-1\">\n        <div class=\"credential-about\" data-aos=\"zoom-in\">\n            <h3>O mne<\/h3>\n            <p>Grafick\u00e9mu dizajnu sa venujem u\u017e viac ako 11 rokov. Zameriavam sa na vytv\u00e1ranie vizu\u00e1lnych rie\u0161en\u00ed, ktor\u00e9 sp\u00e1jaj\u00fa kreativitu s \u00fa\u010delnos\u0165ou. V priebehu kari\u00e9ry som nadobudol bohat\u00e9 sk\u00fasenosti vo v\u0161etk\u00fdch oblastiach grafick\u00e9ho dizajnu, od brandingov\u00fdch projektov cez digit\u00e1lne kampane, UX\/UI a\u017e po tla\u010dov\u00e9 materi\u00e1ly. S orient\u00e1ciou na detaily a zmyslom pre estetiku sa neust\u00e1le sna\u017e\u00edm prin\u00e1\u0161a\u0165 origin\u00e1lne a efekt\u00edvne dizajnov\u00e9 rie\u0161enia, ktor\u00e9 zaujm\u00fa a splnia po\u017eiadavky klientov.<\/p>        <\/div>\n\n        <div class=\"credential-edc-exp credential-experience\">\n            <h3 data-aos=\"fade-up\">SK\u00daSENOSTI<\/h3>\n                         <div class=\"credential-edc-exp-item\" data-aos=\"zoom-in\">\n                <h5><\/h5>\n                <h4>Freelancer<\/h4>\n                <h6><\/h6>\n                            <\/div>\n                         <div class=\"credential-edc-exp-item\" data-aos=\"zoom-in\">\n                <h5>2022 - s\u00fa\u010dasnos\u0165<\/h5>\n                <h4>Grafick\u00e1 dizajn\u00e9r<\/h4>\n                <h6>Digitalcare<\/h6>\n                <p>Komplexn\u00e1 outsourcingov\u00e1 spolo\u010dnos\u0165.<br \/>Zameriavame sa na market development, podporu podnikania a strategick\u00e9 akviz\u00edcie<br \/>pre rast z\u00e1kazn\u00edkov a obchodn\u00fdch vz\u0165ahov.<\/p>            <\/div>\n                         <div class=\"credential-edc-exp-item\" data-aos=\"zoom-in\">\n                <h5>2015 - 2022<\/h5>\n                <h4>Grafick\u00fd dizajn\u00e9r<\/h4>\n                <h6>Mobilonline<\/h6>\n                <p>Spolo\u010dnos\u0165 mobilonline.sk je \u0161pecialistom v oblasti predaja mobiln\u00fdch telef\u00f3nov s naj\u0161ir\u0161\u00edm sortimentom ochrann\u00fdch skiel, krytov, nab\u00edja\u010diek, reproduktorov a \u010fal\u0161ieho pr\u00edslu\u0161enstva na slovenskom trhu.<\/p>            <\/div>\n                     <\/div>\n\n        <div class=\"credential-edc-exp credential-education\">\n            <h3 data-aos=\"fade-up\">VZDELANIE<\/h3>\n                            <div class=\"credential-edc-exp-item\" data-aos=\"zoom-in\">\n                <h5>2010 - 2012 (neukon\u010den\u00e9) <\/h5>\n                <h4>Aplikovan\u00e1 informatika<\/h4>\n                <h6>STU BRATISLAVA<\/h6>\n                            <\/div>\n                        <div class=\"credential-edc-exp-item\" data-aos=\"zoom-in\">\n                <h5>2006 - 2010<\/h5>\n                <h4>Po\u010d\u00edta\u010dov\u00e9 siete<\/h4>\n                <h6>SO\u0160 TECHNICK\u00c1 LU\u010cENEC <\/h6>\n                            <\/div>\n                    <\/div>\n\n        <div class=\"skills-wrap\">\n            <h3 data-aos=\"fade-up\">Skills<\/h3>\n            <div class=\"d-grid skill-items gap-24 flex-wrap\">\n                                <div class=\"skill-item\" data-aos=\"zoom-in\">\n                    <span class=\"percent\">85%<\/span>\n                    <h4 class=\"name\">Adobe Photshop<\/h4>\n                    <p>Rastrov\u00e1 grafika<\/p>\n                <\/div>\n                             <div class=\"skill-item\" data-aos=\"zoom-in\">\n                    <span class=\"percent\">78%<\/span>\n                    <h4 class=\"name\">Adobe Illustrator<\/h4>\n                    <p>Vektorov\u00e1 grafika<\/p>\n                <\/div>\n                             <div class=\"skill-item\" data-aos=\"zoom-in\">\n                    <span class=\"percent\">65%<\/span>\n                    <h4 class=\"name\">Adobe Premiere Pro<\/h4>\n                    <p>Video<\/p>\n                <\/div>\n                             <div class=\"skill-item\" data-aos=\"zoom-in\">\n                    <span class=\"percent\">40%<\/span>\n                    <h4 class=\"name\">Adobe After Effect<\/h4>\n                    <p>Anim\u00e1cie<\/p>\n                <\/div>\n                             <div class=\"skill-item\" data-aos=\"zoom-in\">\n                    <span class=\"percent\">74%<\/span>\n                    <h4 class=\"name\">Figma<\/h4>\n                    <p>UI\/UX design<\/p>\n                <\/div>\n                             <div class=\"skill-item\" data-aos=\"zoom-in\">\n                    <span class=\"percent\">45%<\/span>\n                    <h4 class=\"name\">HTML<\/h4>\n                    <p>Programovanie<\/p>\n                <\/div>\n                             <div class=\"skill-item\" data-aos=\"zoom-in\">\n                    <span class=\"percent\">45%<\/span>\n                    <h4 class=\"name\">WordPress<\/h4>\n                    <p>syst\u00e9m CMS<\/p>\n                <\/div>\n                             <div class=\"skill-item\" data-aos=\"zoom-in\">\n                    <span class=\"percent\">68%<\/span>\n                    <h4 class=\"name\">AI Grafika<\/h4>\n                    <p>umel\u00e1 inteligencia<\/p>\n                <\/div>\n                         <\/div>\n        <\/div>\n\n        <div class=\"skills-wrap awards-wrap\">\n            <h3 data-aos=\"fade-up\">Z\u00e1ujmy<\/h3>\n            <div class=\"d-grid skill-items gap-24 flex-wrap\">\n                                <div class=\"skill-item\" data-aos=\"zoom-in\">\n                    <span class=\"percent\">Cestovanie<\/span>\n                    <h4 class=\"name\"><\/h4>\n                    <p><\/p>\n                <\/div>\n                               <div class=\"skill-item\" data-aos=\"zoom-in\">\n                    <span class=\"percent\">Snowboarding<\/span>\n                    <h4 class=\"name\"><\/h4>\n                    <p><\/p>\n                <\/div>\n                               <div class=\"skill-item\" data-aos=\"zoom-in\">\n                    <span class=\"percent\">Lukostre\u013eba<\/span>\n                    <h4 class=\"name\"><\/h4>\n                    <p><\/p>\n                <\/div>\n                               <div class=\"skill-item\" data-aos=\"zoom-in\">\n                    <span class=\"percent\">Streamovanie<\/span>\n                    <h4 class=\"name\"><\/h4>\n                    <p><\/p>\n                <\/div>\n                               <div class=\"skill-item\" data-aos=\"zoom-in\">\n                    <span class=\"percent\">PC\/konzolov\u00e9 hry<\/span>\n                    <h4 class=\"name\"><\/h4>\n                    <p><\/p>\n                <\/div>\n                               <div class=\"skill-item\" data-aos=\"zoom-in\">\n                    <span class=\"percent\">Fotografovanie<\/span>\n                    <h4 class=\"name\"><\/h4>\n                    <p><\/p>\n                <\/div>\n                           <\/div>\n        <\/div>\n    <\/div>\n\n\n    <script>\n    AOS.init({\n        duration: 1500,\n        once: true,\n\n    });<\/script>      \n\n    \t\t\t\t<\/div>\n\t\t\t\t<\/div>\n\t\t\t\t\t<\/div>\n\t\t<\/div>\n\t\t\t\t\t<\/div>\n\t\t<\/section>\n\t\t\t\t<\/div>\n\t\t","protected":false},"excerpt":{"rendered":"<p>O mne Grafick\u00e9mu dizajnu sa venujem u\u017e viac ako 11 rokov. Zameriavam sa na vytv\u00e1ranie vizu\u00e1lnych rie\u0161en\u00ed, ktor\u00e9 sp\u00e1jaj\u00fa kreativitu s \u00fa\u010delnos\u0165ou. V priebehu kari\u00e9ry som nadobudol bohat\u00e9 sk\u00fasenosti vo v\u0161etk\u00fdch oblastiach grafick\u00e9ho dizajnu, od brandingov\u00fdch projektov cez digit\u00e1lne kampane, UX\/UI a\u017e po tla\u010dov\u00e9 materi\u00e1ly. S orient\u00e1ciou na detaily a zmyslom pre estetiku sa neust\u00e1le [&hellip;]<\/p>\n","protected":false},"author":1,"featured_media":0,"parent":0,"menu_order":0,"comment_status":"closed","ping_status":"closed","template":"page-templates\/main-credential.php","meta":{"_monsterinsights_skip_tracking":false,"_monsterinsights_sitenote_active":false,"_monsterinsights_sitenote_note":"","_monsterinsights_sitenote_category":0,"footnotes":""},"class_list":["post-1065","page","type-page","status-publish","hentry"],"yoast_head":"<!-- This site is optimized with the Yoast SEO plugin v26.0 - https:\/\/yoast.com\/wordpress\/plugins\/seo\/ -->\n<title>CREDENTIAL PAGE - marekfungac<\/title>\n<meta name=\"robots\" content=\"index, follow, max-snippet:-1, max-image-preview:large, max-video-preview:-1\" \/>\n<link rel=\"canonical\" href=\"https:\/\/www.marekfungac.sk\/?page_id=1065\" \/>\n<meta property=\"og:locale\" content=\"en_US\" \/>\n<meta property=\"og:type\" content=\"article\" \/>\n<meta property=\"og:title\" content=\"CREDENTIAL PAGE - marekfungac\" \/>\n<meta property=\"og:description\" content=\"O mne Grafick\u00e9mu dizajnu sa venujem u\u017e viac ako 11 rokov. Zameriavam sa na vytv\u00e1ranie vizu\u00e1lnych rie\u0161en\u00ed, ktor\u00e9 sp\u00e1jaj\u00fa kreativitu s \u00fa\u010delnos\u0165ou. V priebehu kari\u00e9ry som nadobudol bohat\u00e9 sk\u00fasenosti vo v\u0161etk\u00fdch oblastiach grafick\u00e9ho dizajnu, od brandingov\u00fdch projektov cez digit\u00e1lne kampane, UX\/UI a\u017e po tla\u010dov\u00e9 materi\u00e1ly. S orient\u00e1ciou na detaily a zmyslom pre estetiku sa neust\u00e1le [&hellip;]\" \/>\n<meta property=\"og:url\" content=\"https:\/\/www.marekfungac.sk\/?page_id=1065\" \/>\n<meta property=\"og:site_name\" content=\"marekfungac\" \/>\n<meta property=\"article:modified_time\" content=\"2025-04-24T11:49:26+00:00\" \/>\n<meta name=\"twitter:card\" content=\"summary_large_image\" \/>\n<meta name=\"twitter:label1\" content=\"Est. reading time\" \/>\n\t<meta name=\"twitter:data1\" content=\"1 minute\" \/>\n<script type=\"application\/ld+json\" class=\"yoast-schema-graph\">{\"@context\":\"https:\/\/schema.org\",\"@graph\":[{\"@type\":\"WebPage\",\"@id\":\"https:\/\/www.marekfungac.sk\/?page_id=1065\",\"url\":\"https:\/\/www.marekfungac.sk\/?page_id=1065\",\"name\":\"CREDENTIAL PAGE - marekfungac\",\"isPartOf\":{\"@id\":\"https:\/\/www.marekfungac.sk\/#website\"},\"datePublished\":\"2023-04-13T10:43:01+00:00\",\"dateModified\":\"2025-04-24T11:49:26+00:00\",\"breadcrumb\":{\"@id\":\"https:\/\/www.marekfungac.sk\/?page_id=1065#breadcrumb\"},\"inLanguage\":\"en-US\",\"potentialAction\":[{\"@type\":\"ReadAction\",\"target\":[\"https:\/\/www.marekfungac.sk\/?page_id=1065\"]}]},{\"@type\":\"BreadcrumbList\",\"@id\":\"https:\/\/www.marekfungac.sk\/?page_id=1065#breadcrumb\",\"itemListElement\":[{\"@type\":\"ListItem\",\"position\":1,\"name\":\"Home\",\"item\":\"https:\/\/www.marekfungac.sk\/\"},{\"@type\":\"ListItem\",\"position\":2,\"name\":\"CREDENTIAL PAGE\"}]},{\"@type\":\"WebSite\",\"@id\":\"https:\/\/www.marekfungac.sk\/#website\",\"url\":\"https:\/\/www.marekfungac.sk\/\",\"name\":\"marekfungac\",\"description\":\"\",\"potentialAction\":[{\"@type\":\"SearchAction\",\"target\":{\"@type\":\"EntryPoint\",\"urlTemplate\":\"https:\/\/www.marekfungac.sk\/?s={search_term_string}\"},\"query-input\":{\"@type\":\"PropertyValueSpecification\",\"valueRequired\":true,\"valueName\":\"search_term_string\"}}],\"inLanguage\":\"en-US\"}]}<\/script>\n<!-- \/ Yoast SEO plugin. -->","yoast_head_json":{"title":"CREDENTIAL PAGE - marekfungac","robots":{"index":"index","follow":"follow","max-snippet":"max-snippet:-1","max-image-preview":"max-image-preview:large","max-video-preview":"max-video-preview:-1"},"canonical":"https:\/\/www.marekfungac.sk\/?page_id=1065","og_locale":"en_US","og_type":"article","og_title":"CREDENTIAL PAGE - marekfungac","og_description":"O mne Grafick\u00e9mu dizajnu sa venujem u\u017e viac ako 11 rokov. Zameriavam sa na vytv\u00e1ranie vizu\u00e1lnych rie\u0161en\u00ed, ktor\u00e9 sp\u00e1jaj\u00fa kreativitu s \u00fa\u010delnos\u0165ou. V priebehu kari\u00e9ry som nadobudol bohat\u00e9 sk\u00fasenosti vo v\u0161etk\u00fdch oblastiach grafick\u00e9ho dizajnu, od brandingov\u00fdch projektov cez digit\u00e1lne kampane, UX\/UI a\u017e po tla\u010dov\u00e9 materi\u00e1ly. S orient\u00e1ciou na detaily a zmyslom pre estetiku sa neust\u00e1le [&hellip;]","og_url":"https:\/\/www.marekfungac.sk\/?page_id=1065","og_site_name":"marekfungac","article_modified_time":"2025-04-24T11:49:26+00:00","twitter_card":"summary_large_image","twitter_misc":{"Est. reading time":"1 minute"},"schema":{"@context":"https:\/\/schema.org","@graph":[{"@type":"WebPage","@id":"https:\/\/www.marekfungac.sk\/?page_id=1065","url":"https:\/\/www.marekfungac.sk\/?page_id=1065","name":"CREDENTIAL PAGE - marekfungac","isPartOf":{"@id":"https:\/\/www.marekfungac.sk\/#website"},"datePublished":"2023-04-13T10:43:01+00:00","dateModified":"2025-04-24T11:49:26+00:00","breadcrumb":{"@id":"https:\/\/www.marekfungac.sk\/?page_id=1065#breadcrumb"},"inLanguage":"en-US","potentialAction":[{"@type":"ReadAction","target":["https:\/\/www.marekfungac.sk\/?page_id=1065"]}]},{"@type":"BreadcrumbList","@id":"https:\/\/www.marekfungac.sk\/?page_id=1065#breadcrumb","itemListElement":[{"@type":"ListItem","position":1,"name":"Home","item":"https:\/\/www.marekfungac.sk\/"},{"@type":"ListItem","position":2,"name":"CREDENTIAL PAGE"}]},{"@type":"WebSite","@id":"https:\/\/www.marekfungac.sk\/#website","url":"https:\/\/www.marekfungac.sk\/","name":"marekfungac","description":"","potentialAction":[{"@type":"SearchAction","target":{"@type":"EntryPoint","urlTemplate":"https:\/\/www.marekfungac.sk\/?s={search_term_string}"},"query-input":{"@type":"PropertyValueSpecification","valueRequired":true,"valueName":"search_term_string"}}],"inLanguage":"en-US"}]}},"_links":{"self":[{"href":"https:\/\/www.marekfungac.sk\/index.php?rest_route=\/wp\/v2\/pages\/1065","targetHints":{"allow":["GET"]}}],"collection":[{"href":"https:\/\/www.marekfungac.sk\/index.php?rest_route=\/wp\/v2\/pages"}],"about":[{"href":"https:\/\/www.marekfungac.sk\/index.php?rest_route=\/wp\/v2\/types\/page"}],"author":[{"embeddable":true,"href":"https:\/\/www.marekfungac.sk\/index.php?rest_route=\/wp\/v2\/users\/1"}],"replies":[{"embeddable":true,"href":"https:\/\/www.marekfungac.sk\/index.php?rest_route=%2Fwp%2Fv2%2Fcomments&post=1065"}],"version-history":[{"count":6,"href":"https:\/\/www.marekfungac.sk\/index.php?rest_route=\/wp\/v2\/pages\/1065\/revisions"}],"predecessor-version":[{"id":4117,"href":"https:\/\/www.marekfungac.sk\/index.php?rest_route=\/wp\/v2\/pages\/1065\/revisions\/4117"}],"wp:attachment":[{"href":"https:\/\/www.marekfungac.sk\/index.php?rest_route=%2Fwp%2Fv2%2Fmedia&parent=1065"}],"curies":[{"name":"wp","href":"https:\/\/api.w.org\/{rel}","templated":true}]}}