{"id":1119,"date":"2023-04-14T09:49:47","date_gmt":"2023-04-14T09:49:47","guid":{"rendered":"https:\/\/wpriverthemes.com\/gridx\/?page_id=1119"},"modified":"2025-04-15T17:08:27","modified_gmt":"2025-04-15T15:08:27","slug":"service-offerings","status":"publish","type":"page","link":"https:\/\/www.marekfungac.sk\/?page_id=1119","title":{"rendered":"SERVICE OFFERING"},"content":{"rendered":"\t\t<div data-elementor-type=\"wp-page\" data-elementor-id=\"1119\" class=\"elementor elementor-1119\">\n\t\t\t\t\t\t<section class=\"elementor-section elementor-top-section elementor-element elementor-element-c057728 elementor-section-boxed elementor-section-height-default elementor-section-height-default\" data-id=\"c057728\" data-element_type=\"section\">\n\t\t\t\t\t\t<div class=\"elementor-container elementor-column-gap-default\">\n\t\t\t\t\t<div class=\"elementor-column elementor-col-100 elementor-top-column elementor-element elementor-element-5690479\" data-id=\"5690479\" data-element_type=\"column\">\n\t\t\t<div class=\"elementor-widget-wrap elementor-element-populated\">\n\t\t\t\t\t\t<section class=\"elementor-section elementor-inner-section elementor-element elementor-element-44fca9a elementor-section-boxed elementor-section-height-default elementor-section-height-default\" data-id=\"44fca9a\" data-element_type=\"section\">\n\t\t\t\t\t\t<div class=\"elementor-container elementor-column-gap-default\">\n\t\t\t\t\t<div class=\"elementor-column elementor-col-50 elementor-inner-column elementor-element elementor-element-7a7fa3f\" data-id=\"7a7fa3f\" data-element_type=\"column\">\n\t\t\t<div class=\"elementor-widget-wrap elementor-element-populated\">\n\t\t\t\t\t\t<div class=\"elementor-element elementor-element-4635d00 h-100 elementor-widget elementor-widget-gridxdaservicesidebar\" data-id=\"4635d00\" data-element_type=\"widget\" data-widget_type=\"gridxdaservicesidebar.default\">\n\t\t\t\t<div class=\"elementor-widget-container\">\n\t\t\t\t\t\n         <!-- Start ServiceSidebar\n    ============================================= -->\n\n         \n \n\n    <!-- Sidebar -->\n   \n<div class=\"service-sidebar\" data-aos=\"fade-right\">\n    <div class=\"service-sidebar-inner shadow-box\">\n        <ul>\n                        <li>\n                <i class=\"iconoir-printing-page icon\"><\/i>\n                    PRINTOV\u00c1 GRAFIKA            <\/li>\n                        <li>\n                <i class=\"iconoir-design-pencil icon\"><\/i>\n                     WEB DESIGNING            <\/li>\n                        <li>\n                <i class=\"iconoir-color-filter icon\"><\/i>\n                    BRANDING            <\/li>\n                        <li>\n                <i class=\"iconoir-adobe-photoshop icon\"><\/i>\n                    ONLINE GRAFIKA            <\/li>\n                    <\/ul>\n    <\/div>\n<\/div>\n  \n\n  <script>\n    AOS.init({\n        duration: 1500,\n        once: true,\n\n    });<\/script>\n\n    \t\t\t\t<\/div>\n\t\t\t\t<\/div>\n\t\t\t\t\t<\/div>\n\t\t<\/div>\n\t\t\t\t<div class=\"elementor-column elementor-col-50 elementor-inner-column elementor-element elementor-element-b02c996\" data-id=\"b02c996\" data-element_type=\"column\">\n\t\t\t<div class=\"elementor-widget-wrap elementor-element-populated\">\n\t\t\t\t\t\t<div class=\"elementor-element elementor-element-ad8c673 elementor-widget elementor-widget-gridxdaservicecontentbox\" data-id=\"ad8c673\" data-element_type=\"widget\" data-widget_type=\"gridxdaservicecontentbox.default\">\n\t\t\t\t<div class=\"elementor-widget-container\">\n\t\t\t\t\t\n         <!-- Start AboutDetail\n    ============================================= -->\n\n\n\n    <!-- Content -->\n   \n        <h1 class=\"section-heading\" data-aos=\"fade-up\">            \t\t\t\t\n<img decoding=\"async\" src=\"https:\/\/www.marekfungac.sk\/wp-content\/themes\/gridx\/assets\/images\/star-2.png\" alt=\"img\">\n\t   \t\t\t\t\t\ngrafick\u00e9 slu\u017eby\t\t<img decoding=\"async\" src=\"https:\/\/www.marekfungac.sk\/wp-content\/themes\/gridx\/assets\/images\/star-2.png\" alt=\"img\">\n\t  \t\t\t\t\t\n<\/h1>\n\n        <div class=\"service-content-wrap\" data-aos=\"zoom-in\">\n            <div class=\"service-content-inner shadow-box\">\n                <div class=\"service-items\">\n                                    <div class=\"service-item\">\n                        <h4>Printov\u00e1 grafika<\/h4>\n                        <p>Venujem sa aj tvorbe printovej grafiky, ktor\u00e1 zah\u0155\u0148a n\u00e1vrh vizu\u00e1lov pre tla\u010den\u00e9 materi\u00e1ly, ako s\u00fa bro\u017e\u00fary, let\u00e1ky, vizitky \u010di plag\u00e1ty. Moj\u00edm cie\u013eom je vytvori\u0165 estetick\u00e9 a efekt\u00edvne dizajny, ktor\u00e9 up\u00fataj\u00fa pozornos\u0165 a zrozumite\u013ene komunikuj\u00fa posolstvo zna\u010dky.<\/p>                    <\/div>\n                                        <div class=\"service-item\">\n                        <h4>Web Designing<\/h4>\n                        <p>Poskytujem web dizajn, ktor\u00fd kombinuje estetiku a funk\u010dnos\u0165 s cie\u013eom vytvori\u0165 modern\u00e9 a u\u017e\u00edvate\u013esky pr\u00edjemn\u00e9 webov\u00e9 str\u00e1nky. Pri pr\u00e1ci kladiem d\u00f4raz na vizu\u00e1lnu pr\u00ed\u0165a\u017elivos\u0165, intuit\u00edvne rozlo\u017eenie a efekt\u00edvnu komunik\u00e1ciu zna\u010dky, aby ka\u017ed\u00e1 str\u00e1nka reflektovala jedine\u010dnos\u0165 a ciele klienta.<\/p>                    <\/div>\n                                        <div class=\"service-item\">\n                        <h4>Branding<\/h4>\n                        <p>Vytv\u00e1ram branding, ktor\u00fd pom\u00e1ha zna\u010dk\u00e1m vybudova\u0165 siln\u00fa a rozpoznate\u013en\u00fa identitu. Moja pr\u00e1ca zah\u0155\u0148a tvorbu vizu\u00e1lnych prvkov, ako s\u00fa logo, farebn\u00e1 paleta a typografia, ktor\u00e9 efekt\u00edvne komunikuj\u00fa hodnoty a osobnos\u0165 zna\u010dky, \u010d\u00edm podporujem jej dlhodob\u00fd rast a \u00faspech na trhu.<\/p>                    <\/div>\n                                        <div class=\"service-item\">\n                        <h4>Online grafika<\/h4>\n                        <p>Vytv\u00e1ram grafiku na soci\u00e1lne siete, ktor\u00e1 pom\u00e1ha zna\u010dk\u00e1m zauja\u0165 a efekt\u00edvne komunikova\u0165 s publikom. Ka\u017ed\u00fd pr\u00edspevok navrhujem tak, aby vizu\u00e1lne reflektoval identitu zna\u010dky a podporoval anga\u017eovanos\u0165, \u010di u\u017e ide o p\u00fatav\u00e9 obr\u00e1zky, infografiky alebo anim\u00e1cie.<\/p>                    <\/div>\n                                    <\/div>\n            <\/div>\n        <\/div>\n \n  <script>\n\t\tAOS.init({\n\t\t\tduration: 1500,\n\t\t\tonce: true,\n\n\t\t});\n<\/script>\n\n    \t\t\t\t<\/div>\n\t\t\t\t<\/div>\n\t\t\t\t\t<\/div>\n\t\t<\/div>\n\t\t\t\t\t<\/div>\n\t\t<\/section>\n\t\t\t\t\t<\/div>\n\t\t<\/div>\n\t\t\t\t\t<\/div>\n\t\t<\/section>\n\t\t\t\t<section class=\"elementor-section elementor-top-section elementor-element elementor-element-d3ed86a elementor-section-boxed elementor-section-height-default elementor-section-height-default\" data-id=\"d3ed86a\" data-element_type=\"section\">\n\t\t\t\t\t\t<div class=\"elementor-container elementor-column-gap-default\">\n\t\t\t\t\t<div class=\"elementor-column elementor-col-100 elementor-top-column elementor-element elementor-element-73c83d4\" data-id=\"73c83d4\" data-element_type=\"column\">\n\t\t\t<div class=\"elementor-widget-wrap elementor-element-populated\">\n\t\t\t\t\t\t<section class=\"elementor-section elementor-inner-section elementor-element elementor-element-e33f508 elementor-section-boxed elementor-section-height-default elementor-section-height-default\" data-id=\"e33f508\" data-element_type=\"section\">\n\t\t\t\t\t\t<div class=\"elementor-container elementor-column-gap-default\">\n\t\t\t\t\t<div class=\"elementor-column elementor-col-33 elementor-inner-column elementor-element elementor-element-822f062\" data-id=\"822f062\" data-element_type=\"column\">\n\t\t\t<div class=\"elementor-widget-wrap elementor-element-populated\">\n\t\t\t\t\t\t<div class=\"elementor-element elementor-element-031f9cc elementor-widget elementor-widget-gridxdaprofilesbox\" data-id=\"031f9cc\" data-element_type=\"widget\" data-widget_type=\"gridxdaprofilesbox.default\">\n\t\t\t\t<div class=\"elementor-widget-container\">\n\t\t\t\t\t\n         <!-- Start Profiles Box\n    ============================================= -->\n\n<div class=\"col-md-12\">\n        <div class=\"blog-service-profile-wrap\">\n\n     <div data-aos=\"zoom-in\" class=\"about-profile-box-wrap\">\n        <div class=\"about-profile-box info-box shadow-box h-full\">\n            \t\t\t\t\n<img decoding=\"async\" src=\"https:\/\/www.marekfungac.sk\/wp-content\/themes\/gridx\/assets\/images\/bg1.png\" alt=\"BG\" class=\"bg-img\">\n\t\t\t\t\n\t\t\t\n            <div class=\"inner-profile-icons shadow-box\">\n                \n                <a                 href=\"https:\/\/www.instagram.com\/mrkfngc\/\">\n                    <i class=\"iconoir-instagram\"><\/i>\n                <\/a>\n\n                <a                 href=\"https:\/\/www.linkedin.com\/in\/marek-fung\u00e1\u010d-199bb763\/\">\n                    <i class=\"iconoir-linkedin\"><\/i>\n                <\/a>\n                \n            <\/div>\n            <div class=\"d-flex align-items-center justify-content-between\">\n                <div class=\"infos\">\n                    <h5>moje soci\u00e1lne siete<\/h5>\n                    <h2>Profily<\/h2>\n                <\/div>\n\n                <a                 href=\"https:\/\/wpriverthemes.com\/gridx\/contact-info\/\" class=\"about-btn\">\n                   \t\n                \t\t\t\n<img decoding=\"async\" src=\"https:\/\/www.marekfungac.sk\/wp-content\/themes\/gridx\/assets\/images\/icon.svg\" alt=\"Star\">\n\t \t\t\t\t\t\n                <\/a>\n\n            <\/div>\n        <\/div>\n    <\/div>\n<\/div>\n<\/div>\n\n\n  <script>\n    AOS.init({\n        duration: 1500,\n        once: true,\n\n    });<\/script>                \n\n    \t\t\t\t<\/div>\n\t\t\t\t<\/div>\n\t\t\t\t\t<\/div>\n\t\t<\/div>\n\t\t\t\t<div class=\"elementor-column elementor-col-33 elementor-inner-column elementor-element elementor-element-e325eec\" data-id=\"e325eec\" data-element_type=\"column\">\n\t\t\t<div class=\"elementor-widget-wrap elementor-element-populated\">\n\t\t\t\t\t\t<div class=\"elementor-element elementor-element-983e78f elementor-widget elementor-widget-gridxdacontactbox\" data-id=\"983e78f\" data-element_type=\"widget\" data-widget_type=\"gridxdacontactbox.default\">\n\t\t\t\t<div class=\"elementor-widget-container\">\n\t\t\t\t\t\n         <!-- Start Contact Box\n    ============================================= -->\n     \n    \n<div data-aos=\"zoom-in\" class=\"about-contact-box-wrap\">\n        \n    <div class=\"about-contact-box info-box shadow-box\">\n        <a         class=\"overlay-link\" href=\"https:\/\/wpriverthemes.com\/gridx\/contact-info\/\"><\/a>\n        \t\t\t\t\n<img decoding=\"async\" src=\"https:\/\/www.marekfungac.sk\/wp-content\/themes\/gridx\/assets\/images\/bg1.png\" alt=\"BG\" class=\"bg-img\">\n\t\t\t\t\n               \t\n<img decoding=\"async\" src=\"https:\/\/www.marekfungac.sk\/wp-content\/themes\/gridx\/assets\/images\/icon2.png\" alt=\"Star\" class=\"star-icon\">\n  \n\t\t\n\t\t\n       \n        <h2>Po\u010fme teda <span>spolupracova\u0165<\/h2>\n        <a href=\"https:\/\/wpriverthemes.com\/gridx\/contact-info\/\" class=\"about-btn\">\n            \t\n            \t\t\t\n<img decoding=\"async\" src=\"https:\/\/www.marekfungac.sk\/wp-content\/themes\/gridx\/assets\/images\/icon.svg\" alt=\"Star\">\n          \t\t\t\t\t\t\n        <\/a>\n    <\/div>\n\n<\/div>\n\n<script>\n    AOS.init({\n        duration: 1500,\n        once: true,\n\n    });<\/script>\n                 \n\n    \t\t\t\t<\/div>\n\t\t\t\t<\/div>\n\t\t\t\t\t<\/div>\n\t\t<\/div>\n\t\t\t\t<div class=\"elementor-column elementor-col-33 elementor-inner-column elementor-element elementor-element-f093cd1\" data-id=\"f093cd1\" data-element_type=\"column\">\n\t\t\t<div class=\"elementor-widget-wrap elementor-element-populated\">\n\t\t\t\t\t\t<div class=\"elementor-element elementor-element-ee2d870 elementor-widget elementor-widget-gridxdacredentialbox\" data-id=\"ee2d870\" data-element_type=\"widget\" data-widget_type=\"gridxdacredentialbox.default\">\n\t\t\t\t<div class=\"elementor-widget-container\">\n\t\t\t\t\t\n         <!-- Start Credentials Box\n    ============================================= -->\n    <div data-aos=\"zoom-in\" class=\"about-crenditials-box\">\n            <div class=\"info-box shadow-box h-full\">\n                <a                 class=\"overlay-link\" href=\"https:\/\/www.marekfungac.sk\/?page_id=1065\"><\/a>\n\t\t\t\t\n\t\t\t\t\n<img decoding=\"async\" src=\"https:\/\/www.marekfungac.sk\/wp-content\/themes\/gridx\/assets\/images\/bg1.png\" alt=\"BG\" class=\"bg-img\">\n\t\t\t\t\n\t\t\t\t\n<img decoding=\"async\" class=\"proj-img\" src=\"https:\/\/www.marekfungac.sk\/wp-content\/uploads\/2024\/03\/admin-ajaxaa.png\" alt=\"\">\n                <div class=\"d-flex align-items-center justify-content-between\">\n                    <div class=\"infos\">\n                        <h5>CV<\/h5>\n                        <h2>Nie\u010do o mne<\/h2>\n                    <\/div>\n\n                    <a href=\"https:\/\/www.marekfungac.sk\/?page_id=1065\" class=\"about-btn\">\n\t\t\t\t\t\t\n\t\n\t\t\t\n<img decoding=\"async\" src=\"https:\/\/www.marekfungac.sk\/wp-content\/themes\/gridx\/assets\/images\/icon.svg\" alt=\"Star\">\n\n                        \n                    <\/a>\n                <\/div>\n            <\/div>\n    <\/div>\n\n\n    <script>\n    AOS.init({\n        duration: 1500,\n        once: true,\n\n    });<\/script>     \n\n    \t\t\t\t<\/div>\n\t\t\t\t<\/div>\n\t\t\t\t\t<\/div>\n\t\t<\/div>\n\t\t\t\t\t<\/div>\n\t\t<\/section>\n\t\t\t\t\t<\/div>\n\t\t<\/div>\n\t\t\t\t\t<\/div>\n\t\t<\/section>\n\t\t\t\t<\/div>\n\t\t","protected":false},"excerpt":{"rendered":"<p>PRINTOV\u00c1 GRAFIKA WEB DESIGNING BRANDING ONLINE GRAFIKA grafick\u00e9 slu\u017eby Printov\u00e1 grafika Venujem sa aj tvorbe printovej grafiky, ktor\u00e1 zah\u0155\u0148a n\u00e1vrh vizu\u00e1lov pre tla\u010den\u00e9 materi\u00e1ly, ako s\u00fa bro\u017e\u00fary, let\u00e1ky, vizitky \u010di plag\u00e1ty. Moj\u00edm cie\u013eom je vytvori\u0165 estetick\u00e9 a efekt\u00edvne dizajny, ktor\u00e9 up\u00fataj\u00fa pozornos\u0165 a zrozumite\u013ene komunikuj\u00fa posolstvo zna\u010dky. Web Designing Poskytujem web dizajn, ktor\u00fd kombinuje estetiku [&hellip;]<\/p>\n","protected":false},"author":1,"featured_media":0,"parent":0,"menu_order":0,"comment_status":"closed","ping_status":"closed","template":"page-templates\/main-service.php","meta":{"_monsterinsights_skip_tracking":false,"_monsterinsights_sitenote_active":false,"_monsterinsights_sitenote_note":"","_monsterinsights_sitenote_category":0,"footnotes":""},"class_list":["post-1119","page","type-page","status-publish","hentry"],"yoast_head":"<!-- This site is optimized with the Yoast SEO plugin v26.0 - https:\/\/yoast.com\/wordpress\/plugins\/seo\/ -->\n<title>SERVICE OFFERING - marekfungac<\/title>\n<meta name=\"robots\" content=\"index, follow, max-snippet:-1, max-image-preview:large, max-video-preview:-1\" \/>\n<link rel=\"canonical\" href=\"https:\/\/www.marekfungac.sk\/?page_id=1119\" \/>\n<meta property=\"og:locale\" content=\"en_US\" \/>\n<meta property=\"og:type\" content=\"article\" \/>\n<meta property=\"og:title\" content=\"SERVICE OFFERING - marekfungac\" \/>\n<meta property=\"og:description\" content=\"PRINTOV\u00c1 GRAFIKA WEB DESIGNING BRANDING ONLINE GRAFIKA grafick\u00e9 slu\u017eby Printov\u00e1 grafika Venujem sa aj tvorbe printovej grafiky, ktor\u00e1 zah\u0155\u0148a n\u00e1vrh vizu\u00e1lov pre tla\u010den\u00e9 materi\u00e1ly, ako s\u00fa bro\u017e\u00fary, let\u00e1ky, vizitky \u010di plag\u00e1ty. Moj\u00edm cie\u013eom je vytvori\u0165 estetick\u00e9 a efekt\u00edvne dizajny, ktor\u00e9 up\u00fataj\u00fa pozornos\u0165 a zrozumite\u013ene komunikuj\u00fa posolstvo zna\u010dky. Web Designing Poskytujem web dizajn, ktor\u00fd kombinuje estetiku [&hellip;]\" \/>\n<meta property=\"og:url\" content=\"https:\/\/www.marekfungac.sk\/?page_id=1119\" \/>\n<meta property=\"og:site_name\" content=\"marekfungac\" \/>\n<meta property=\"article:modified_time\" content=\"2025-04-15T15:08:27+00:00\" \/>\n<meta property=\"og:image\" content=\"https:\/\/www.marekfungac.sk\/wp-content\/themes\/gridx\/assets\/images\/star-2.png\" \/>\n<meta name=\"twitter:card\" content=\"summary_large_image\" \/>\n<meta name=\"twitter:label1\" content=\"Est. reading time\" \/>\n\t<meta name=\"twitter:data1\" content=\"3 minutes\" \/>\n<script type=\"application\/ld+json\" class=\"yoast-schema-graph\">{\"@context\":\"https:\/\/schema.org\",\"@graph\":[{\"@type\":\"WebPage\",\"@id\":\"https:\/\/www.marekfungac.sk\/?page_id=1119\",\"url\":\"https:\/\/www.marekfungac.sk\/?page_id=1119\",\"name\":\"SERVICE OFFERING - marekfungac\",\"isPartOf\":{\"@id\":\"https:\/\/www.marekfungac.sk\/#website\"},\"primaryImageOfPage\":{\"@id\":\"https:\/\/www.marekfungac.sk\/?page_id=1119#primaryimage\"},\"image\":{\"@id\":\"https:\/\/www.marekfungac.sk\/?page_id=1119#primaryimage\"},\"thumbnailUrl\":\"https:\/\/www.marekfungac.sk\/wp-content\/themes\/gridx\/assets\/images\/star-2.png\",\"datePublished\":\"2023-04-14T09:49:47+00:00\",\"dateModified\":\"2025-04-15T15:08:27+00:00\",\"breadcrumb\":{\"@id\":\"https:\/\/www.marekfungac.sk\/?page_id=1119#breadcrumb\"},\"inLanguage\":\"en-US\",\"potentialAction\":[{\"@type\":\"ReadAction\",\"target\":[\"https:\/\/www.marekfungac.sk\/?page_id=1119\"]}]},{\"@type\":\"ImageObject\",\"inLanguage\":\"en-US\",\"@id\":\"https:\/\/www.marekfungac.sk\/?page_id=1119#primaryimage\",\"url\":\"https:\/\/www.marekfungac.sk\/wp-content\/themes\/gridx\/assets\/images\/star-2.png\",\"contentUrl\":\"https:\/\/www.marekfungac.sk\/wp-content\/themes\/gridx\/assets\/images\/star-2.png\"},{\"@type\":\"BreadcrumbList\",\"@id\":\"https:\/\/www.marekfungac.sk\/?page_id=1119#breadcrumb\",\"itemListElement\":[{\"@type\":\"ListItem\",\"position\":1,\"name\":\"Home\",\"item\":\"https:\/\/www.marekfungac.sk\/\"},{\"@type\":\"ListItem\",\"position\":2,\"name\":\"SERVICE OFFERING\"}]},{\"@type\":\"WebSite\",\"@id\":\"https:\/\/www.marekfungac.sk\/#website\",\"url\":\"https:\/\/www.marekfungac.sk\/\",\"name\":\"marekfungac\",\"description\":\"\",\"potentialAction\":[{\"@type\":\"SearchAction\",\"target\":{\"@type\":\"EntryPoint\",\"urlTemplate\":\"https:\/\/www.marekfungac.sk\/?s={search_term_string}\"},\"query-input\":{\"@type\":\"PropertyValueSpecification\",\"valueRequired\":true,\"valueName\":\"search_term_string\"}}],\"inLanguage\":\"en-US\"}]}<\/script>\n<!-- \/ Yoast SEO plugin. -->","yoast_head_json":{"title":"SERVICE OFFERING - marekfungac","robots":{"index":"index","follow":"follow","max-snippet":"max-snippet:-1","max-image-preview":"max-image-preview:large","max-video-preview":"max-video-preview:-1"},"canonical":"https:\/\/www.marekfungac.sk\/?page_id=1119","og_locale":"en_US","og_type":"article","og_title":"SERVICE OFFERING - marekfungac","og_description":"PRINTOV\u00c1 GRAFIKA WEB DESIGNING BRANDING ONLINE GRAFIKA grafick\u00e9 slu\u017eby Printov\u00e1 grafika Venujem sa aj tvorbe printovej grafiky, ktor\u00e1 zah\u0155\u0148a n\u00e1vrh vizu\u00e1lov pre tla\u010den\u00e9 materi\u00e1ly, ako s\u00fa bro\u017e\u00fary, let\u00e1ky, vizitky \u010di plag\u00e1ty. Moj\u00edm cie\u013eom je vytvori\u0165 estetick\u00e9 a efekt\u00edvne dizajny, ktor\u00e9 up\u00fataj\u00fa pozornos\u0165 a zrozumite\u013ene komunikuj\u00fa posolstvo zna\u010dky. Web Designing Poskytujem web dizajn, ktor\u00fd kombinuje estetiku [&hellip;]","og_url":"https:\/\/www.marekfungac.sk\/?page_id=1119","og_site_name":"marekfungac","article_modified_time":"2025-04-15T15:08:27+00:00","og_image":[{"url":"https:\/\/www.marekfungac.sk\/wp-content\/themes\/gridx\/assets\/images\/star-2.png","type":"","width":"","height":""}],"twitter_card":"summary_large_image","twitter_misc":{"Est. reading time":"3 minutes"},"schema":{"@context":"https:\/\/schema.org","@graph":[{"@type":"WebPage","@id":"https:\/\/www.marekfungac.sk\/?page_id=1119","url":"https:\/\/www.marekfungac.sk\/?page_id=1119","name":"SERVICE OFFERING - marekfungac","isPartOf":{"@id":"https:\/\/www.marekfungac.sk\/#website"},"primaryImageOfPage":{"@id":"https:\/\/www.marekfungac.sk\/?page_id=1119#primaryimage"},"image":{"@id":"https:\/\/www.marekfungac.sk\/?page_id=1119#primaryimage"},"thumbnailUrl":"https:\/\/www.marekfungac.sk\/wp-content\/themes\/gridx\/assets\/images\/star-2.png","datePublished":"2023-04-14T09:49:47+00:00","dateModified":"2025-04-15T15:08:27+00:00","breadcrumb":{"@id":"https:\/\/www.marekfungac.sk\/?page_id=1119#breadcrumb"},"inLanguage":"en-US","potentialAction":[{"@type":"ReadAction","target":["https:\/\/www.marekfungac.sk\/?page_id=1119"]}]},{"@type":"ImageObject","inLanguage":"en-US","@id":"https:\/\/www.marekfungac.sk\/?page_id=1119#primaryimage","url":"https:\/\/www.marekfungac.sk\/wp-content\/themes\/gridx\/assets\/images\/star-2.png","contentUrl":"https:\/\/www.marekfungac.sk\/wp-content\/themes\/gridx\/assets\/images\/star-2.png"},{"@type":"BreadcrumbList","@id":"https:\/\/www.marekfungac.sk\/?page_id=1119#breadcrumb","itemListElement":[{"@type":"ListItem","position":1,"name":"Home","item":"https:\/\/www.marekfungac.sk\/"},{"@type":"ListItem","position":2,"name":"SERVICE OFFERING"}]},{"@type":"WebSite","@id":"https:\/\/www.marekfungac.sk\/#website","url":"https:\/\/www.marekfungac.sk\/","name":"marekfungac","description":"","potentialAction":[{"@type":"SearchAction","target":{"@type":"EntryPoint","urlTemplate":"https:\/\/www.marekfungac.sk\/?s={search_term_string}"},"query-input":{"@type":"PropertyValueSpecification","valueRequired":true,"valueName":"search_term_string"}}],"inLanguage":"en-US"}]}},"_links":{"self":[{"href":"https:\/\/www.marekfungac.sk\/index.php?rest_route=\/wp\/v2\/pages\/1119","targetHints":{"allow":["GET"]}}],"collection":[{"href":"https:\/\/www.marekfungac.sk\/index.php?rest_route=\/wp\/v2\/pages"}],"about":[{"href":"https:\/\/www.marekfungac.sk\/index.php?rest_route=\/wp\/v2\/types\/page"}],"author":[{"embeddable":true,"href":"https:\/\/www.marekfungac.sk\/index.php?rest_route=\/wp\/v2\/users\/1"}],"replies":[{"embeddable":true,"href":"https:\/\/www.marekfungac.sk\/index.php?rest_route=%2Fwp%2Fv2%2Fcomments&post=1119"}],"version-history":[{"count":6,"href":"https:\/\/www.marekfungac.sk\/index.php?rest_route=\/wp\/v2\/pages\/1119\/revisions"}],"predecessor-version":[{"id":4051,"href":"https:\/\/www.marekfungac.sk\/index.php?rest_route=\/wp\/v2\/pages\/1119\/revisions\/4051"}],"wp:attachment":[{"href":"https:\/\/www.marekfungac.sk\/index.php?rest_route=%2Fwp%2Fv2%2Fmedia&parent=1119"}],"curies":[{"name":"wp","href":"https:\/\/api.w.org\/{rel}","templated":true}]}}