{"id":3800,"date":"2025-04-15T12:41:04","date_gmt":"2025-04-15T10:41:04","guid":{"rendered":"https:\/\/www.marekfungac.sk\/?page_id=3800"},"modified":"2025-05-02T10:24:50","modified_gmt":"2025-05-02T08:24:50","slug":"naturevia-2","status":"publish","type":"page","link":"https:\/\/www.marekfungac.sk\/?page_id=3800","title":{"rendered":"NATUREVIA"},"content":{"rendered":"\t\t<div data-elementor-type=\"wp-page\" data-elementor-id=\"3800\" class=\"elementor elementor-3800\">\n\t\t\t\t\t\t<section class=\"elementor-section elementor-top-section elementor-element elementor-element-3155ad7 elementor-section-full_width elementor-section-height-default elementor-section-height-default\" data-id=\"3155ad7\" data-element_type=\"section\">\n\t\t\t\t\t\t<div class=\"elementor-container elementor-column-gap-no\">\n\t\t\t\t\t<div class=\"elementor-column elementor-col-100 elementor-top-column elementor-element elementor-element-b3e563c\" data-id=\"b3e563c\" data-element_type=\"column\">\n\t\t\t<div class=\"elementor-widget-wrap elementor-element-populated\">\n\t\t\t\t\t\t<div class=\"elementor-element elementor-element-d39a747 elementor-widget__width-initial elementor-widget elementor-widget-gridxdaworkdetailprojbreadcrumb\" data-id=\"d39a747\" data-element_type=\"widget\" data-widget_type=\"gridxdaworkdetailprojbreadcrumb.default\">\n\t\t\t\t<div class=\"elementor-widget-container\">\n\t\t\t\t\t\n         <!-- Start Workdetail Breadcrumb\n    ============================================= -->\n<!-- Breadcrumb -->\n<section class=\"breadcrumb-area\">\n    <div class=\"container\">\n        <div class=\"breadcrumb-content\" data-aos=\"fade-up\">\n            <p>design - Naturevia<\/p>\n            <h1 class=\"section-heading\">\t\t\t\n             \t\n<img decoding=\"async\" src=\"https:\/\/www.marekfungac.sk\/wp-content\/themes\/gridx\/assets\/images\/star-2.png\" alt=\"img\">\n\t\t\t\t\t             \t\n design pre brand Naturevia\t\t\t\t\n                <img decoding=\"async\" src=\"https:\/\/www.marekfungac.sk\/wp-content\/themes\/gridx\/assets\/images\/star-2.png\" alt=\"img\">\n\t\t    \t\t\t\t\n<\/h1>\n        <\/div>\n    <\/div>\n<\/section>\n   \n<div class=\"project-details-img\" data-aos=\"zoom-in\">\n    <img decoding=\"async\" src=\"https:\/\/www.marekfungac.sk\/wp-content\/uploads\/2024\/10\/naturevia-headear.jpg\" alt=\"\">\n<\/div>\n              \n  <script>\n    AOS.init({\n        duration: 1500,\n        once: true,\n\n    });<\/script>\n\n    \t\t\t\t<\/div>\n\t\t\t\t<\/div>\n\t\t\t\t\t<\/div>\n\t\t<\/div>\n\t\t\t\t\t<\/div>\n\t\t<\/section>\n\t\t\t\t<section class=\"elementor-section elementor-top-section elementor-element elementor-element-31c70c6 elementor-section-boxed elementor-section-height-default elementor-section-height-default\" data-id=\"31c70c6\" data-element_type=\"section\">\n\t\t\t\t\t\t<div class=\"elementor-container elementor-column-gap-no\">\n\t\t\t\t\t<div class=\"elementor-column elementor-col-100 elementor-top-column elementor-element elementor-element-e2e9348\" data-id=\"e2e9348\" data-element_type=\"column\">\n\t\t\t<div class=\"elementor-widget-wrap elementor-element-populated\">\n\t\t\t\t\t\t<div class=\"elementor-element elementor-element-bc8992d elementor-widget elementor-widget-gridxdaworkdetailprojinfo\" data-id=\"bc8992d\" data-element_type=\"widget\" data-widget_type=\"gridxdaworkdetailprojinfo.default\">\n\t\t\t\t<div class=\"elementor-widget-container\">\n\t\t\t\t\t\n         <!-- Start WorkDetail\n    ============================================= -->\n\n<div data-aos=\"zoom-in\">\n    <div class=\"d-flex project-infos-wrap shadow-box mb-24\">\n        \t\t\t\t\n<img decoding=\"async\" src=\"https:\/\/www.marekfungac.sk\/wp-content\/themes\/gridx\/assets\/images\/bg1.png\" alt=\"img\" class=\"bg-img\">\n\t\t\t\t\n        \t\n\t\t   \n<img decoding=\"async\" src=\"https:\/\/www.marekfungac.sk\/wp-content\/themes\/gridx\/assets\/images\/icon2.png\" alt=\"img\" class=\"star-icon\">\n\t\t\t\t\t\t        \n\t\t\n        <div class=\"project-details-info flex-1\">\n            <h4>Naturevia<\/h4>\n            <p>\u2714\ufe0f Pr\u00edspevky na soci\u00e1lne siete<\/p><p>\u2714\ufe0f Bannery<\/p>        <\/div>\n\n        <div class=\"project-details-info flex-1\">\n            <h4>o zna\u010dke<\/h4>\n            <p>Na\u0161\u00edm poslan\u00edm je poskytova\u0165 kvalitn\u00e9 v\u00fd\u017eivov\u00e9 doplnky, ktor\u00e9 podporuj\u00fa va\u0161e zdravie a pohodu. Na slovenskom trhu p\u00f4sob\u00edme u\u017e viac ako 25 rokov a na\u0161e produkty si z\u00edskali d\u00f4veru tis\u00edcok z\u00e1kazn\u00edkov.<\/p>        <\/div>\n    <\/div>\n<\/div>\n\n         \n  <script>\n    AOS.init({\n        duration: 1500,\n        once: true,\n\n    });<\/script>\n\n    \t\t\t\t<\/div>\n\t\t\t\t<\/div>\n\t\t\t\t\t<\/div>\n\t\t<\/div>\n\t\t\t\t\t<\/div>\n\t\t<\/section>\n\t\t\t\t<section class=\"elementor-section elementor-top-section elementor-element elementor-element-061ab56 elementor-section-boxed elementor-section-height-default elementor-section-height-default\" data-id=\"061ab56\" data-element_type=\"section\">\n\t\t\t\t\t\t<div class=\"elementor-container elementor-column-gap-no\">\n\t\t\t\t\t<div class=\"elementor-column elementor-col-100 elementor-top-column elementor-element elementor-element-5b30b2d\" data-id=\"5b30b2d\" data-element_type=\"column\">\n\t\t\t<div class=\"elementor-widget-wrap\">\n\t\t\t\t\t\t\t<\/div>\n\t\t<\/div>\n\t\t\t\t\t<\/div>\n\t\t<\/section>\n\t\t\t\t<section class=\"elementor-section elementor-top-section elementor-element elementor-element-691c3f8 elementor-section-boxed elementor-section-height-default elementor-section-height-default\" data-id=\"691c3f8\" data-element_type=\"section\">\n\t\t\t\t\t\t<div class=\"elementor-container elementor-column-gap-no\">\n\t\t\t\t\t<div class=\"elementor-column elementor-col-100 elementor-top-column elementor-element elementor-element-dc4e7a1\" data-id=\"dc4e7a1\" data-element_type=\"column\">\n\t\t\t<div class=\"elementor-widget-wrap elementor-element-populated\">\n\t\t\t\t\t\t<div class=\"elementor-element elementor-element-9d28bf8 elementor-widget elementor-widget-gridxdaworkdetailprojimg\" data-id=\"9d28bf8\" data-element_type=\"widget\" data-widget_type=\"gridxdaworkdetailprojimg.default\">\n\t\t\t\t<div class=\"elementor-widget-container\">\n\t\t\t\t\t\n         <!-- Start WorkDetail\n    ============================================= -->\n  \n<div class=\"project-details-2-img mb-24\" data-aos=\"zoom-in\">\n        <img decoding=\"async\" src=\"https:\/\/www.marekfungac.sk\/wp-content\/uploads\/2025\/04\/naturevia-header.jpg\" alt=\"\">\n<\/div>\n  \n    \n         \n  <script>\n    AOS.init({\n        duration: 1500,\n        once: true,\n\n    });<\/script>\n\n    \t\t\t\t<\/div>\n\t\t\t\t<\/div>\n\t\t\t\t\t<\/div>\n\t\t<\/div>\n\t\t\t\t\t<\/div>\n\t\t<\/section>\n\t\t\t\t<section class=\"elementor-section elementor-top-section elementor-element elementor-element-ca03e51 elementor-section-boxed elementor-section-height-default elementor-section-height-default\" data-id=\"ca03e51\" data-element_type=\"section\">\n\t\t\t\t\t\t<div class=\"elementor-container elementor-column-gap-no\">\n\t\t\t\t\t<div class=\"elementor-column elementor-col-100 elementor-top-column elementor-element elementor-element-bc77ca7\" data-id=\"bc77ca7\" data-element_type=\"column\">\n\t\t\t<div class=\"elementor-widget-wrap elementor-element-populated\">\n\t\t\t\t\t\t<div class=\"elementor-element elementor-element-1f87fb4 elementor-widget elementor-widget-gridxdaworkdetailimg\" data-id=\"1f87fb4\" data-element_type=\"widget\" data-widget_type=\"gridxdaworkdetailimg.default\">\n\t\t\t\t<div class=\"elementor-widget-container\">\n\t\t\t\t\t\n         <!-- Start WorkDetail\n    ============================================= -->\n\n\n\n <div class=\"row mb-24\">\n        <div class=\"col-md-6\" data-aos=\"zoom-in\">\n         \n        <div class=\"project-details-3-img\">\n            <img decoding=\"async\" src=\"https:\/\/www.marekfungac.sk\/wp-content\/uploads\/2025\/04\/naturevia-post1.jpg\" alt=\"\">\n        <\/div>\n         \n    <\/div>\n        <div class=\"col-md-6\" data-aos=\"zoom-in\">\n         \n        <div class=\"project-details-3-img\">\n            <img decoding=\"async\" src=\"https:\/\/www.marekfungac.sk\/wp-content\/uploads\/2025\/04\/naturevia-banner.jpg\" alt=\"\">\n        <\/div>\n         \n    <\/div>\n    <\/div>\n\n\n\n         \n  <script>\n    AOS.init({\n        duration: 1500,\n        once: true,\n\n    });<\/script>\n\n    \t\t\t\t<\/div>\n\t\t\t\t<\/div>\n\t\t\t\t\t<\/div>\n\t\t<\/div>\n\t\t\t\t\t<\/div>\n\t\t<\/section>\n\t\t\t\t<section class=\"elementor-section elementor-top-section elementor-element elementor-element-05c9290 elementor-section-boxed elementor-section-height-default elementor-section-height-default\" data-id=\"05c9290\" data-element_type=\"section\">\n\t\t\t\t\t\t<div class=\"elementor-container elementor-column-gap-no\">\n\t\t\t\t\t<div class=\"elementor-column elementor-col-100 elementor-top-column elementor-element elementor-element-75841af\" data-id=\"75841af\" data-element_type=\"column\">\n\t\t\t<div class=\"elementor-widget-wrap elementor-element-populated\">\n\t\t\t\t\t\t<div class=\"elementor-element elementor-element-6668302 elementor-widget elementor-widget-gridxdaworkdetailimg\" data-id=\"6668302\" data-element_type=\"widget\" data-widget_type=\"gridxdaworkdetailimg.default\">\n\t\t\t\t<div class=\"elementor-widget-container\">\n\t\t\t\t\t\n         <!-- Start WorkDetail\n    ============================================= -->\n\n\n\n <div class=\"row mb-24\">\n        <div class=\"col-md-6\" data-aos=\"zoom-in\">\n         \n        <div class=\"project-details-3-img\">\n            <img decoding=\"async\" src=\"https:\/\/www.marekfungac.sk\/wp-content\/uploads\/2025\/04\/naturevia-post2.jpg\" alt=\"\">\n        <\/div>\n         \n    <\/div>\n        <div class=\"col-md-6\" data-aos=\"zoom-in\">\n         \n        <div class=\"project-details-3-img\">\n            <img decoding=\"async\" src=\"https:\/\/www.marekfungac.sk\/wp-content\/uploads\/2025\/04\/naturevia-post3.jpg\" alt=\"\">\n        <\/div>\n         \n    <\/div>\n    <\/div>\n\n\n\n         \n  <script>\n    AOS.init({\n        duration: 1500,\n        once: true,\n\n    });<\/script>\n\n    \t\t\t\t<\/div>\n\t\t\t\t<\/div>\n\t\t\t\t\t<\/div>\n\t\t<\/div>\n\t\t\t\t\t<\/div>\n\t\t<\/section>\n\t\t\t\t<section class=\"elementor-section elementor-top-section elementor-element elementor-element-6be08a8 elementor-section-full_width elementor-section-height-default elementor-section-height-default\" data-id=\"6be08a8\" data-element_type=\"section\">\n\t\t\t\t\t\t<div class=\"elementor-container elementor-column-gap-no\">\n\t\t\t\t\t<div class=\"elementor-column elementor-col-100 elementor-top-column elementor-element elementor-element-25ad980\" data-id=\"25ad980\" data-element_type=\"column\">\n\t\t\t<div class=\"elementor-widget-wrap\">\n\t\t\t\t\t\t\t<\/div>\n\t\t<\/div>\n\t\t\t\t\t<\/div>\n\t\t<\/section>\n\t\t\t\t<section class=\"elementor-section elementor-top-section elementor-element elementor-element-643c153 elementor-section-boxed elementor-section-height-default elementor-section-height-default\" data-id=\"643c153\" data-element_type=\"section\">\n\t\t\t\t\t\t<div class=\"elementor-container elementor-column-gap-no\">\n\t\t\t\t\t<div class=\"elementor-column elementor-col-100 elementor-top-column elementor-element elementor-element-1ff4997\" data-id=\"1ff4997\" data-element_type=\"column\">\n\t\t\t<div class=\"elementor-widget-wrap elementor-element-populated\">\n\t\t\t\t\t\t<div class=\"elementor-element elementor-element-c1e8035 elementor-widget elementor-widget-gridxdaworkdetailprojfooterbtn\" data-id=\"c1e8035\" data-element_type=\"widget\" data-widget_type=\"gridxdaworkdetailprojfooterbtn.default\">\n\t\t\t\t<div class=\"elementor-widget-container\">\n\t\t\t\t\t\n         <!-- Start Nextproject\n    ============================================= -->\n    \n<div class=\"container d-flex align-items-center justify-content-center\" data-aos=\"zoom-in\">\n    <a     href=\"#\" class=\"big-btn shadow-box\">\n\t\t        \u010eal\u0161\u00ed Projekt\t\t     <\/a>\n<\/div>\n\n\n  <script>\n    AOS.init({\n        duration: 1500,\n        once: true,\n\n    });<\/script>\n\n    \t\t\t\t<\/div>\n\t\t\t\t<\/div>\n\t\t\t\t\t<\/div>\n\t\t<\/div>\n\t\t\t\t\t<\/div>\n\t\t<\/section>\n\t\t\t\t<\/div>\n\t\t","protected":false},"excerpt":{"rendered":"<p>design &#8211; Naturevia design pre brand Naturevia Naturevia \u2714\ufe0f Pr\u00edspevky na soci\u00e1lne siete \u2714\ufe0f Bannery o zna\u010dke Na\u0161\u00edm poslan\u00edm je poskytova\u0165 kvalitn\u00e9 v\u00fd\u017eivov\u00e9 doplnky, ktor\u00e9 podporuj\u00fa va\u0161e zdravie a pohodu. Na slovenskom trhu p\u00f4sob\u00edme u\u017e viac ako 25 rokov a na\u0161e produkty si z\u00edskali d\u00f4veru tis\u00edcok z\u00e1kazn\u00edkov. \u010eal\u0161\u00ed Projekt<\/p>\n","protected":false},"author":1,"featured_media":0,"parent":0,"menu_order":0,"comment_status":"closed","ping_status":"closed","template":"page-templates\/main-workdetail.php","meta":{"_monsterinsights_skip_tracking":false,"_monsterinsights_sitenote_active":false,"_monsterinsights_sitenote_note":"","_monsterinsights_sitenote_category":0,"footnotes":""},"class_list":["post-3800","page","type-page","status-publish","hentry"],"yoast_head":"<!-- This site is optimized with the Yoast SEO plugin v26.0 - https:\/\/yoast.com\/wordpress\/plugins\/seo\/ -->\n<title>NATUREVIA - marekfungac<\/title>\n<meta name=\"robots\" content=\"index, follow, max-snippet:-1, max-image-preview:large, max-video-preview:-1\" \/>\n<link rel=\"canonical\" href=\"https:\/\/www.marekfungac.sk\/?page_id=3800\" \/>\n<meta property=\"og:locale\" content=\"en_US\" \/>\n<meta property=\"og:type\" content=\"article\" \/>\n<meta property=\"og:title\" content=\"NATUREVIA - marekfungac\" \/>\n<meta property=\"og:description\" content=\"design &#8211; Naturevia design pre brand Naturevia Naturevia \u2714\ufe0f Pr\u00edspevky na soci\u00e1lne siete \u2714\ufe0f Bannery o zna\u010dke Na\u0161\u00edm poslan\u00edm je poskytova\u0165 kvalitn\u00e9 v\u00fd\u017eivov\u00e9 doplnky, ktor\u00e9 podporuj\u00fa va\u0161e zdravie a pohodu. Na slovenskom trhu p\u00f4sob\u00edme u\u017e viac ako 25 rokov a na\u0161e produkty si z\u00edskali d\u00f4veru tis\u00edcok z\u00e1kazn\u00edkov. \u010eal\u0161\u00ed Projekt\" \/>\n<meta property=\"og:url\" content=\"https:\/\/www.marekfungac.sk\/?page_id=3800\" \/>\n<meta property=\"og:site_name\" content=\"marekfungac\" \/>\n<meta property=\"article:modified_time\" content=\"2025-05-02T08:24:50+00:00\" \/>\n<meta property=\"og:image\" content=\"https:\/\/www.marekfungac.sk\/wp-content\/themes\/gridx\/assets\/images\/star-2.png\" \/>\n<meta name=\"twitter:card\" content=\"summary_large_image\" \/>\n<meta name=\"twitter:label1\" content=\"Est. reading time\" \/>\n\t<meta name=\"twitter:data1\" content=\"3 minutes\" \/>\n<script type=\"application\/ld+json\" class=\"yoast-schema-graph\">{\"@context\":\"https:\/\/schema.org\",\"@graph\":[{\"@type\":\"WebPage\",\"@id\":\"https:\/\/www.marekfungac.sk\/?page_id=3800\",\"url\":\"https:\/\/www.marekfungac.sk\/?page_id=3800\",\"name\":\"NATUREVIA - marekfungac\",\"isPartOf\":{\"@id\":\"https:\/\/www.marekfungac.sk\/#website\"},\"primaryImageOfPage\":{\"@id\":\"https:\/\/www.marekfungac.sk\/?page_id=3800#primaryimage\"},\"image\":{\"@id\":\"https:\/\/www.marekfungac.sk\/?page_id=3800#primaryimage\"},\"thumbnailUrl\":\"https:\/\/www.marekfungac.sk\/wp-content\/themes\/gridx\/assets\/images\/star-2.png\",\"datePublished\":\"2025-04-15T10:41:04+00:00\",\"dateModified\":\"2025-05-02T08:24:50+00:00\",\"breadcrumb\":{\"@id\":\"https:\/\/www.marekfungac.sk\/?page_id=3800#breadcrumb\"},\"inLanguage\":\"en-US\",\"potentialAction\":[{\"@type\":\"ReadAction\",\"target\":[\"https:\/\/www.marekfungac.sk\/?page_id=3800\"]}]},{\"@type\":\"ImageObject\",\"inLanguage\":\"en-US\",\"@id\":\"https:\/\/www.marekfungac.sk\/?page_id=3800#primaryimage\",\"url\":\"https:\/\/www.marekfungac.sk\/wp-content\/themes\/gridx\/assets\/images\/star-2.png\",\"contentUrl\":\"https:\/\/www.marekfungac.sk\/wp-content\/themes\/gridx\/assets\/images\/star-2.png\"},{\"@type\":\"BreadcrumbList\",\"@id\":\"https:\/\/www.marekfungac.sk\/?page_id=3800#breadcrumb\",\"itemListElement\":[{\"@type\":\"ListItem\",\"position\":1,\"name\":\"Home\",\"item\":\"https:\/\/www.marekfungac.sk\/\"},{\"@type\":\"ListItem\",\"position\":2,\"name\":\"NATUREVIA\"}]},{\"@type\":\"WebSite\",\"@id\":\"https:\/\/www.marekfungac.sk\/#website\",\"url\":\"https:\/\/www.marekfungac.sk\/\",\"name\":\"marekfungac\",\"description\":\"\",\"potentialAction\":[{\"@type\":\"SearchAction\",\"target\":{\"@type\":\"EntryPoint\",\"urlTemplate\":\"https:\/\/www.marekfungac.sk\/?s={search_term_string}\"},\"query-input\":{\"@type\":\"PropertyValueSpecification\",\"valueRequired\":true,\"valueName\":\"search_term_string\"}}],\"inLanguage\":\"en-US\"}]}<\/script>\n<!-- \/ Yoast SEO plugin. -->","yoast_head_json":{"title":"NATUREVIA - marekfungac","robots":{"index":"index","follow":"follow","max-snippet":"max-snippet:-1","max-image-preview":"max-image-preview:large","max-video-preview":"max-video-preview:-1"},"canonical":"https:\/\/www.marekfungac.sk\/?page_id=3800","og_locale":"en_US","og_type":"article","og_title":"NATUREVIA - marekfungac","og_description":"design &#8211; Naturevia design pre brand Naturevia Naturevia \u2714\ufe0f Pr\u00edspevky na soci\u00e1lne siete \u2714\ufe0f Bannery o zna\u010dke Na\u0161\u00edm poslan\u00edm je poskytova\u0165 kvalitn\u00e9 v\u00fd\u017eivov\u00e9 doplnky, ktor\u00e9 podporuj\u00fa va\u0161e zdravie a pohodu. Na slovenskom trhu p\u00f4sob\u00edme u\u017e viac ako 25 rokov a na\u0161e produkty si z\u00edskali d\u00f4veru tis\u00edcok z\u00e1kazn\u00edkov. \u010eal\u0161\u00ed Projekt","og_url":"https:\/\/www.marekfungac.sk\/?page_id=3800","og_site_name":"marekfungac","article_modified_time":"2025-05-02T08:24:50+00:00","og_image":[{"url":"https:\/\/www.marekfungac.sk\/wp-content\/themes\/gridx\/assets\/images\/star-2.png","type":"","width":"","height":""}],"twitter_card":"summary_large_image","twitter_misc":{"Est. reading time":"3 minutes"},"schema":{"@context":"https:\/\/schema.org","@graph":[{"@type":"WebPage","@id":"https:\/\/www.marekfungac.sk\/?page_id=3800","url":"https:\/\/www.marekfungac.sk\/?page_id=3800","name":"NATUREVIA - marekfungac","isPartOf":{"@id":"https:\/\/www.marekfungac.sk\/#website"},"primaryImageOfPage":{"@id":"https:\/\/www.marekfungac.sk\/?page_id=3800#primaryimage"},"image":{"@id":"https:\/\/www.marekfungac.sk\/?page_id=3800#primaryimage"},"thumbnailUrl":"https:\/\/www.marekfungac.sk\/wp-content\/themes\/gridx\/assets\/images\/star-2.png","datePublished":"2025-04-15T10:41:04+00:00","dateModified":"2025-05-02T08:24:50+00:00","breadcrumb":{"@id":"https:\/\/www.marekfungac.sk\/?page_id=3800#breadcrumb"},"inLanguage":"en-US","potentialAction":[{"@type":"ReadAction","target":["https:\/\/www.marekfungac.sk\/?page_id=3800"]}]},{"@type":"ImageObject","inLanguage":"en-US","@id":"https:\/\/www.marekfungac.sk\/?page_id=3800#primaryimage","url":"https:\/\/www.marekfungac.sk\/wp-content\/themes\/gridx\/assets\/images\/star-2.png","contentUrl":"https:\/\/www.marekfungac.sk\/wp-content\/themes\/gridx\/assets\/images\/star-2.png"},{"@type":"BreadcrumbList","@id":"https:\/\/www.marekfungac.sk\/?page_id=3800#breadcrumb","itemListElement":[{"@type":"ListItem","position":1,"name":"Home","item":"https:\/\/www.marekfungac.sk\/"},{"@type":"ListItem","position":2,"name":"NATUREVIA"}]},{"@type":"WebSite","@id":"https:\/\/www.marekfungac.sk\/#website","url":"https:\/\/www.marekfungac.sk\/","name":"marekfungac","description":"","potentialAction":[{"@type":"SearchAction","target":{"@type":"EntryPoint","urlTemplate":"https:\/\/www.marekfungac.sk\/?s={search_term_string}"},"query-input":{"@type":"PropertyValueSpecification","valueRequired":true,"valueName":"search_term_string"}}],"inLanguage":"en-US"}]}},"_links":{"self":[{"href":"https:\/\/www.marekfungac.sk\/index.php?rest_route=\/wp\/v2\/pages\/3800","targetHints":{"allow":["GET"]}}],"collection":[{"href":"https:\/\/www.marekfungac.sk\/index.php?rest_route=\/wp\/v2\/pages"}],"about":[{"href":"https:\/\/www.marekfungac.sk\/index.php?rest_route=\/wp\/v2\/types\/page"}],"author":[{"embeddable":true,"href":"https:\/\/www.marekfungac.sk\/index.php?rest_route=\/wp\/v2\/users\/1"}],"replies":[{"embeddable":true,"href":"https:\/\/www.marekfungac.sk\/index.php?rest_route=%2Fwp%2Fv2%2Fcomments&post=3800"}],"version-history":[{"count":6,"href":"https:\/\/www.marekfungac.sk\/index.php?rest_route=\/wp\/v2\/pages\/3800\/revisions"}],"predecessor-version":[{"id":4167,"href":"https:\/\/www.marekfungac.sk\/index.php?rest_route=\/wp\/v2\/pages\/3800\/revisions\/4167"}],"wp:attachment":[{"href":"https:\/\/www.marekfungac.sk\/index.php?rest_route=%2Fwp%2Fv2%2Fmedia&parent=3800"}],"curies":[{"name":"wp","href":"https:\/\/api.w.org\/{rel}","templated":true}]}}